{"id":2,"date":"2014-06-15T08:10:28","date_gmt":"2014-06-15T08:10:28","guid":{"rendered":"http:\/\/www.lesyeuxdom.fr\/lesyeux\/?page_id=2"},"modified":"2021-04-19T22:53:20","modified_gmt":"2021-04-19T21:53:20","slug":"page-d-exemple","status":"publish","type":"page","link":"http:\/\/www.lesyeuxdom.fr\/lesyeux\/","title":{"rendered":"Entre m\u00e9moire et oubli"},"content":{"rendered":"<p style=\"text-align: center;\"><a href=\"http:\/\/www.lesyeuxdom.fr\/lesyeux\/wp-content\/uploads\/2014\/06\/GRAPH-COUV-DANSEUSECERCLE.jpg\"><img loading=\"lazy\" decoding=\"async\" class=\"alignnone size-large wp-image-330\" src=\"http:\/\/www.lesyeuxdom.fr\/lesyeux\/wp-content\/uploads\/2014\/06\/GRAPH-COUV-DANSEUSECERCLE-1024x961.jpg\" alt=\"GRAPH COUV DANSEUSE&amp;CERCLE\" width=\"584\" height=\"548\" srcset=\"http:\/\/www.lesyeuxdom.fr\/lesyeux\/wp-content\/uploads\/2014\/06\/GRAPH-COUV-DANSEUSECERCLE-1024x961.jpg 1024w, http:\/\/www.lesyeuxdom.fr\/lesyeux\/wp-content\/uploads\/2014\/06\/GRAPH-COUV-DANSEUSECERCLE-300x281.jpg 300w, http:\/\/www.lesyeuxdom.fr\/lesyeux\/wp-content\/uploads\/2014\/06\/GRAPH-COUV-DANSEUSECERCLE-319x300.jpg 319w\" sizes=\"(max-width: 584px) 100vw, 584px\" \/><\/a><\/p>\n<h6 style=\"text-align: right;\"><em><em>\u00ab\u00a0S\u2019il convient maintenant d\u2019ouvrir les yeux, ce sera comme<br \/>\non remonte du fond d\u2019un lac, brasse lente de la pens\u00e9e,<br \/>\nvers la surface enfin, o\u00f9 nous attend d\u2019une seule vue<br \/>\nl\u2019\u00e9tranget\u00e9 des commencements. \u00a0\u00bb<br \/>\n<\/em><\/em>Patricia CASTEX-MENIER, <em><em>Chemins d\u2019\u00e9veil<br \/>\n<\/em>\u00a0<\/em><\/h6>\n<h1><span style=\"color: #993300;\">Entre m\u00e9moire et oubli s&rsquo;insinue notre \u00e9criture.<\/span><br \/>\n<span style=\"color: #993300;\"> Ce qu&rsquo;elle cherche \u00e0 percer s&rsquo;appelle <em>myst\u00e8re, <\/em>celui d&rsquo;une vie partag\u00e9e.<\/span><\/h1>\n<p>Lacunaire, incertaine de ce qu&rsquo;elle laisse dans l&rsquo;ombre, partielle et partiale dans ses choix, cette \u00e9criture ne cherche nulle <em>v\u00e9rit\u00e9. <\/em>Elle est tout au plus en qu\u00eate de<em>\u00a0<\/em><em>fid\u00e9lit\u00e9<\/em>, mais est-ce seulement possible ?<\/p>\n<p>Ici, un <em>hommage au \u00ab\u00a0deux\u00a0\u00bb.<\/em> Partage des sentiments, des joies et des peines. Rem\u00e9moration, retour, rouille. Un visage, une voix, un corps, une pens\u00e9e qui dansent, tournoient, questionnent au travers d&rsquo;une langue qui n&rsquo;a de cesse de dire.<\/p>\n<p>Mais aussi, <em>l&rsquo;<\/em>\u00e9<em>loge du multiple.<\/em> D\u00e9couvertes, projets, fragments d&rsquo;Histoire, tout cela construit avec tant et tant d&rsquo;autres, de pays en pays. Trace en a \u00e9t\u00e9 gard\u00e9e. La le\u00e7on, transmise.<\/p>\n<p><i>\u00ab\u00a0L&rsquo;Histoire [&#8230;] a la pr\u00e9tention de dire ce qui est r\u00e9ellement advenu. Or ce qui est r\u00e9ellement arriv\u00e9 est \u00e0 jamais perdu : par l\u00e0-m\u00eame l&rsquo;historien se sent h\u00e9ritier d&rsquo;une dette. Il a pour t\u00e2che de restituer l&rsquo;absent\u00a0\u00bb, <\/i>\u00e9crit Paul Ricoeur, ce philosophe que tu n&rsquo;as cess\u00e9 de lire.\u00a0<i>\u00ab\u00a0L&rsquo;Histoire n&rsquo;est jamais la reconstruction pure de l&rsquo;\u00e9v\u00e9nement, elle n&rsquo;est &#8211; dans le meilleur des cas &#8211; qu&rsquo;une reconstruction fictive, gouvern\u00e9e par un \u00e9v\u00e9nement introuvable.\u00a0\u00bb <\/i><i><br \/>\n<\/i><\/p>\n<p>Ce que nous cherchons, nous \u00e9chappe \u00e0 mesure que nous l&rsquo;approchons. M\u00eame si ce temps qui fut n\u00f4tre est \u00ab\u00a0\u00e0 jamais perdu\u00a0\u00bb, nous reste <span style=\"color: #993300;\"><strong>le travail des mots, des images, des sons<\/strong>,<\/span> cette \u00ab\u00a0brasse lente de la pens\u00e9e\u00a0\u00bb qui, de toi, en esquisse le tranchant, l&rsquo;intelligence, la sagesse et, plus que tout, cette centralit\u00e9 d&rsquo;une vie qui a pour nom : <span style=\"color: #993300;\">\u00ab\u00a0option d&rsquo;autrui\u00a0\u00bb<\/span>.<\/p>\n<h6 style=\"text-align: right;\"><span style=\"color: #993300;\"><em>En m\u00e9moire d&rsquo;Odette Neumayer (1940 &#8211; 2013)<\/em><\/span><br \/>\nces textes, graphismes, photos, po\u00e8mes,<br \/>\ndocuments qui renvoient pour une partie \u00e0\u00a0<a href=\"http:\/\/www.ecritute-partagee.com\" target=\"_blank\" rel=\"noopener noreferrer\">Filigranes, <\/a>revue d&rsquo;\u00e9critures.<\/h6>\n<h6 style=\"text-align: right;\"><a href=\"http:\/\/www.ecriture-partagee.com\"><img loading=\"lazy\" decoding=\"async\" class=\"alignnone size-full wp-image-158\" src=\"http:\/\/www.lesyeuxdom.fr\/lesyeux\/wp-content\/uploads\/2014\/06\/logo_fili.jpg\" alt=\"logo_fili\" width=\"116\" height=\"190\" \/><\/a><\/h6>\n<h6 style=\"text-align: right;\">\u2026\u00a0 pour un engagement<br \/>\ntoujours renouvel\u00e9 de cr\u00e9ation, d&rsquo;\u00e9criture et de beaut\u00e9<\/h6>\n<h6 style=\"text-align: right;\">d&rsquo;\u00e9ducation et de culture partag\u00e9e.<\/h6>\n<p>&nbsp;<\/p>\n<p style=\"text-align: right;\">M.N. (15 juin 2014)<\/p>\n<p>&nbsp;<\/p>\n<h3 style=\"text-align: right;\"><\/h3>\n","protected":false},"excerpt":{"rendered":"<p>\u00ab\u00a0S\u2019il convient maintenant d\u2019ouvrir les yeux, ce sera comme on remonte du fond d\u2019un lac, brasse lente de la pens\u00e9e, vers la surface enfin, o\u00f9 nous attend d\u2019une seule vue l\u2019\u00e9tranget\u00e9 des commencements. \u00a0\u00bb Patricia CASTEX-MENIER, Chemins d\u2019\u00e9veil \u00a0 Entre &hellip; <a href=\"http:\/\/www.lesyeuxdom.fr\/lesyeux\/\">Continuer la lecture <span class=\"meta-nav\">&rarr;<\/span><\/a><\/p>\n","protected":false},"author":1,"featured_media":0,"parent":0,"menu_order":0,"comment_status":"closed","ping_status":"closed","template":"sidebar-page.php","meta":{"footnotes":""},"class_list":["post-2","page","type-page","status-publish","hentry"],"_links":{"self":[{"href":"http:\/\/www.lesyeuxdom.fr\/lesyeux\/index.php?rest_route=\/wp\/v2\/pages\/2"}],"collection":[{"href":"http:\/\/www.lesyeuxdom.fr\/lesyeux\/index.php?rest_route=\/wp\/v2\/pages"}],"about":[{"href":"http:\/\/www.lesyeuxdom.fr\/lesyeux\/index.php?rest_route=\/wp\/v2\/types\/page"}],"author":[{"embeddable":true,"href":"http:\/\/www.lesyeuxdom.fr\/lesyeux\/index.php?rest_route=\/wp\/v2\/users\/1"}],"replies":[{"embeddable":true,"href":"http:\/\/www.lesyeuxdom.fr\/lesyeux\/index.php?rest_route=%2Fwp%2Fv2%2Fcomments&post=2"}],"version-history":[{"count":38,"href":"http:\/\/www.lesyeuxdom.fr\/lesyeux\/index.php?rest_route=\/wp\/v2\/pages\/2\/revisions"}],"predecessor-version":[{"id":821,"href":"http:\/\/www.lesyeuxdom.fr\/lesyeux\/index.php?rest_route=\/wp\/v2\/pages\/2\/revisions\/821"}],"wp:attachment":[{"href":"http:\/\/www.lesyeuxdom.fr\/lesyeux\/index.php?rest_route=%2Fwp%2Fv2%2Fmedia&parent=2"}],"curies":[{"name":"wp","href":"https:\/\/api.w.org\/{rel}","templated":true}]}}