{"id":229,"date":"2014-06-18T21:06:00","date_gmt":"2014-06-18T20:06:00","guid":{"rendered":"http:\/\/www.lesyeuxdom.fr\/lesyeux\/?page_id=229"},"modified":"2014-06-26T18:38:42","modified_gmt":"2014-06-26T17:38:42","slug":"expo-mes-escaliers","status":"publish","type":"page","link":"http:\/\/www.lesyeuxdom.fr\/lesyeux\/?page_id=229","title":{"rendered":"Expo \u00ab\u00a0Mes escaliers\u00a0\u00bb"},"content":{"rendered":"<h4 style=\"text-align: left;\">En ce temps-l\u00e0<br \/>\nau petit matin<br \/>\nconsignant tes r\u00eaves\u2026<\/h4>\n<p>&nbsp;<\/p>\n<p>(Texte paru dans <strong>Filigranes<\/strong> N\u00b03 (1985) \u00ab\u00a0<em>Morceaux de r\u00eaves pris dans un coin<\/em>\u00ab\u00a0)<\/p>\n<h4 style=\"text-align: left;\"><a href=\"http:\/\/www.lesyeuxdom.fr\/lesyeux\/wp-content\/uploads\/2014\/06\/morceaux-de-re\u0302ves.jpeg\"><img loading=\"lazy\" decoding=\"async\" class=\"size-full wp-image-238 aligncenter\" src=\"http:\/\/www.lesyeuxdom.fr\/lesyeux\/wp-content\/uploads\/2014\/06\/morceaux-de-re\u0302ves.jpeg\" alt=\"morceaux de re\u0302ves\" width=\"528\" height=\"628\" srcset=\"http:\/\/www.lesyeuxdom.fr\/lesyeux\/wp-content\/uploads\/2014\/06\/morceaux-de-re\u0302ves.jpeg 528w, http:\/\/www.lesyeuxdom.fr\/lesyeux\/wp-content\/uploads\/2014\/06\/morceaux-de-re\u0302ves-252x300.jpeg 252w\" sizes=\"(max-width: 528px) 100vw, 528px\" \/><\/a><\/h4>\n<hr \/>\n<p style=\"text-align: center;\">L&rsquo;expo, tu la fis 20 ans plus tard\u2026<br \/>\net la pr\u00e9sentas lors du s\u00e9minaires anniversaire de la revue<br \/>\nen mai 2004 \u00e0 Aubagne \/ Castel Margot.<br \/>\nCertaines photos \u00e9taient accompagn\u00e9es d&rsquo;un texte de Michel Neumayer.<\/p>\n<p style=\"margin-bottom: 0cm; text-align: center;\">Mots clefs (dans le d\u00e9sordre) :<\/p>\n<p style=\"margin-bottom: 0cm; text-align: center;\">Vers l&rsquo;Anse aux Moines, avec pr\u00e9caution \/ en montant vers le ciel \/ pav\u00e9s de bonnes intentions \/ tenir le caniveau \/ sur la rampe \/ bois sur bois \/ il vous prend dans ses bras \/ mont\u00e9e vers l&rsquo;\u00e9rudition \u00e0 roulettes \/ de bric et de broc \/ qui a de l&rsquo;assise \/ l&rsquo;\u00e9chelle de Jacob \/ r\u00e9serv\u00e9 \u00e0 Raminagrobis \/ rondins choisis sur mesure \/ conservez les tommettes \/ en attente d&rsquo;une \u00e2me \/ arr\u00eat sur palier \/ clo\u00eetr\u00e9s depuis des si\u00e8cles \/ \u0153il \u00e9tait dans la tombe \/ dans un jeu de miroirs \/ emp\u00eachements \/\u00a0 \u00e0 l&rsquo;ombre des\u2026 feuilles mortes \/ gradins d&rsquo;herbe fra\u00eeche \/ gammes bleues de la salle 5 \/ costume strict \/ p\u00e2querette \u00e0 l&rsquo;envers ou le dessous des choses \/ s&rsquo;enfoncer vers l&rsquo;interdit \/ \u00e9ventail infernal \/ en majest\u00e9, avec lions \/ us\u00e9s par tant de pas \/ d\u00e9sert et ensabl\u00e9 \/ attente au balcon \/ cir\u00e9s depuis des si\u00e8cles \/ un sens nouveau \/\u00a0 \u00e9nergie ascendante \/ cosi fan tutte ou est-ce ainsi que les hommes vivent ?<\/p>\n\n\t\t<style type=\"text\/css\">\n\t\t\t#gallery-1 {\n\t\t\t\tmargin: auto;\n\t\t\t}\n\t\t\t#gallery-1 .gallery-item {\n\t\t\t\tfloat: left;\n\t\t\t\tmargin-top: 10px;\n\t\t\t\ttext-align: center;\n\t\t\t\twidth: 33%;\n\t\t\t}\n\t\t\t#gallery-1 img {\n\t\t\t\tborder: 2px solid #cfcfcf;\n\t\t\t}\n\t\t\t#gallery-1 .gallery-caption {\n\t\t\t\tmargin-left: 0;\n\t\t\t}\n\t\t\t\/* see gallery_shortcode() in wp-includes\/media.php *\/\n\t\t<\/style>\n\t\t<div id='gallery-1' class='gallery galleryid-229 gallery-columns-3 gallery-size-thumbnail'><dl class='gallery-item'>\n\t\t\t<dt class='gallery-icon landscape'>\n\t\t\t\t<a href='http:\/\/www.lesyeuxdom.fr\/lesyeux\/?attachment_id=191'><img loading=\"lazy\" decoding=\"async\" width=\"150\" height=\"150\" src=\"http:\/\/www.lesyeuxdom.fr\/lesyeux\/wp-content\/uploads\/2014\/06\/Guillestre-150x150.jpg\" class=\"attachment-thumbnail size-thumbnail\" alt=\"\" aria-describedby=\"gallery-1-191\" \/><\/a>\n\t\t\t<\/dt>\n\t\t\t\t<dd class='wp-caption-text gallery-caption' id='gallery-1-191'>\n\t\t\t\tGuillestre\n\t\t\t\t<\/dd><\/dl><dl class='gallery-item'>\n\t\t\t<dt class='gallery-icon landscape'>\n\t\t\t\t<a href='http:\/\/www.lesyeuxdom.fr\/lesyeux\/?attachment_id=197'><img loading=\"lazy\" decoding=\"async\" width=\"150\" height=\"150\" src=\"http:\/\/www.lesyeuxdom.fr\/lesyeux\/wp-content\/uploads\/2014\/06\/La_Marlagne-150x150.jpg\" class=\"attachment-thumbnail size-thumbnail\" alt=\"\" aria-describedby=\"gallery-1-197\" \/><\/a>\n\t\t\t<\/dt>\n\t\t\t\t<dd class='wp-caption-text gallery-caption' id='gallery-1-197'>\n\t\t\t\tLa Marlagne &#8211; Belgique\n\t\t\t\t<\/dd><\/dl><dl class='gallery-item'>\n\t\t\t<dt class='gallery-icon portrait'>\n\t\t\t\t<a href='http:\/\/www.lesyeuxdom.fr\/lesyeux\/?attachment_id=188'><img loading=\"lazy\" decoding=\"async\" width=\"150\" height=\"150\" src=\"http:\/\/www.lesyeuxdom.fr\/lesyeux\/wp-content\/uploads\/2014\/06\/Entrepo\u0302ts_Laine\u0301-150x150.jpg\" class=\"attachment-thumbnail size-thumbnail\" alt=\"\" aria-describedby=\"gallery-1-188\" \/><\/a>\n\t\t\t<\/dt>\n\t\t\t\t<dd class='wp-caption-text gallery-caption' id='gallery-1-188'>\n\t\t\t\tBordeaux &#8211; Entrep\u00f4ts Lain\u00e9\n\t\t\t\t<\/dd><\/dl><br style=\"clear: both\" \/><dl class='gallery-item'>\n\t\t\t<dt class='gallery-icon portrait'>\n\t\t\t\t<a href='http:\/\/www.lesyeuxdom.fr\/lesyeux\/?attachment_id=180'><img loading=\"lazy\" decoding=\"async\" width=\"150\" height=\"150\" src=\"http:\/\/www.lesyeuxdom.fr\/lesyeux\/wp-content\/uploads\/2014\/06\/Arles6-150x150.jpg\" class=\"attachment-thumbnail size-thumbnail\" alt=\"\" aria-describedby=\"gallery-1-180\" \/><\/a>\n\t\t\t<\/dt>\n\t\t\t\t<dd class='wp-caption-text gallery-caption' id='gallery-1-180'>\n\t\t\t\tArles\n\t\t\t\t<\/dd><\/dl><dl class='gallery-item'>\n\t\t\t<dt class='gallery-icon portrait'>\n\t\t\t\t<a href='http:\/\/www.lesyeuxdom.fr\/lesyeux\/?attachment_id=219'><img loading=\"lazy\" decoding=\"async\" width=\"150\" height=\"150\" src=\"http:\/\/www.lesyeuxdom.fr\/lesyeux\/wp-content\/uploads\/2014\/06\/St_Pons-150x150.jpg\" class=\"attachment-thumbnail size-thumbnail\" alt=\"\" aria-describedby=\"gallery-1-219\" \/><\/a>\n\t\t\t<\/dt>\n\t\t\t\t<dd class='wp-caption-text gallery-caption' id='gallery-1-219'>\n\t\t\t\tSt Pons les Aubagne\n\t\t\t\t<\/dd><\/dl><dl class='gallery-item'>\n\t\t\t<dt class='gallery-icon portrait'>\n\t\t\t\t<a href='http:\/\/www.lesyeuxdom.fr\/lesyeux\/?attachment_id=170'><img loading=\"lazy\" decoding=\"async\" width=\"150\" height=\"150\" src=\"http:\/\/www.lesyeuxdom.fr\/lesyeux\/wp-content\/uploads\/2014\/06\/103-0352_IMG-150x150.jpg\" class=\"attachment-thumbnail size-thumbnail\" alt=\"\" aria-describedby=\"gallery-1-170\" \/><\/a>\n\t\t\t<\/dt>\n\t\t\t\t<dd class='wp-caption-text gallery-caption' id='gallery-1-170'>\n\t\t\t\tIs\u00e8re\n\t\t\t\t<\/dd><\/dl><br style=\"clear: both\" \/><dl class='gallery-item'>\n\t\t\t<dt class='gallery-icon landscape'>\n\t\t\t\t<a href='http:\/\/www.lesyeuxdom.fr\/lesyeux\/?attachment_id=181'><img loading=\"lazy\" decoding=\"async\" width=\"150\" height=\"150\" src=\"http:\/\/www.lesyeuxdom.fr\/lesyeux\/wp-content\/uploads\/2014\/06\/Cap-dAgde-150x150.jpg\" class=\"attachment-thumbnail size-thumbnail\" alt=\"\" aria-describedby=\"gallery-1-181\" \/><\/a>\n\t\t\t<\/dt>\n\t\t\t\t<dd class='wp-caption-text gallery-caption' id='gallery-1-181'>\n\t\t\t\tCap d&rsquo;Agde\n\t\t\t\t<\/dd><\/dl><dl class='gallery-item'>\n\t\t\t<dt class='gallery-icon portrait'>\n\t\t\t\t<a href='http:\/\/www.lesyeuxdom.fr\/lesyeux\/?attachment_id=218'><img loading=\"lazy\" decoding=\"async\" width=\"150\" height=\"150\" src=\"http:\/\/www.lesyeuxdom.fr\/lesyeux\/wp-content\/uploads\/2014\/06\/St_Laurent_de_la_mer-150x150.jpg\" class=\"attachment-thumbnail size-thumbnail\" alt=\"\" aria-describedby=\"gallery-1-218\" \/><\/a>\n\t\t\t<\/dt>\n\t\t\t\t<dd class='wp-caption-text gallery-caption' id='gallery-1-218'>\n\t\t\t\tSt Laurent de la Mer (C\u00f4tes d&rsquo;Armor)\n\t\t\t\t<\/dd><\/dl><dl class='gallery-item'>\n\t\t\t<dt class='gallery-icon portrait'>\n\t\t\t\t<a href='http:\/\/www.lesyeuxdom.fr\/lesyeux\/?attachment_id=172'><img loading=\"lazy\" decoding=\"async\" width=\"150\" height=\"150\" src=\"http:\/\/www.lesyeuxdom.fr\/lesyeux\/wp-content\/uploads\/2014\/06\/104-0402_IMG-150x150.jpg\" class=\"attachment-thumbnail size-thumbnail\" alt=\"\" aria-describedby=\"gallery-1-172\" \/><\/a>\n\t\t\t<\/dt>\n\t\t\t\t<dd class='wp-caption-text gallery-caption' id='gallery-1-172'>\n\t\t\t\tBrian\u00e7on\n\t\t\t\t<\/dd><\/dl><br style=\"clear: both\" \/><dl class='gallery-item'>\n\t\t\t<dt class='gallery-icon landscape'>\n\t\t\t\t<a href='http:\/\/www.lesyeuxdom.fr\/lesyeux\/?attachment_id=224'><img loading=\"lazy\" decoding=\"async\" width=\"150\" height=\"150\" src=\"http:\/\/www.lesyeuxdom.fr\/lesyeux\/wp-content\/uploads\/2014\/06\/The\u0301oule-150x150.jpg\" class=\"attachment-thumbnail size-thumbnail\" alt=\"\" aria-describedby=\"gallery-1-224\" \/><\/a>\n\t\t\t<\/dt>\n\t\t\t\t<dd class='wp-caption-text gallery-caption' id='gallery-1-224'>\n\t\t\t\tTh\u00e9oule sur Mer\n\t\t\t\t<\/dd><\/dl><dl class='gallery-item'>\n\t\t\t<dt class='gallery-icon portrait'>\n\t\t\t\t<a href='http:\/\/www.lesyeuxdom.fr\/lesyeux\/?attachment_id=208'><img loading=\"lazy\" decoding=\"async\" width=\"150\" height=\"150\" src=\"http:\/\/www.lesyeuxdom.fr\/lesyeux\/wp-content\/uploads\/2014\/06\/Malonne-150x150.jpg\" class=\"attachment-thumbnail size-thumbnail\" alt=\"\" aria-describedby=\"gallery-1-208\" \/><\/a>\n\t\t\t<\/dt>\n\t\t\t\t<dd class='wp-caption-text gallery-caption' id='gallery-1-208'>\n\t\t\t\tMalonne (Belgique)\n\t\t\t\t<\/dd><\/dl><dl class='gallery-item'>\n\t\t\t<dt class='gallery-icon landscape'>\n\t\t\t\t<a href='http:\/\/www.lesyeuxdom.fr\/lesyeux\/?attachment_id=178'><img loading=\"lazy\" decoding=\"async\" width=\"150\" height=\"150\" src=\"http:\/\/www.lesyeuxdom.fr\/lesyeux\/wp-content\/uploads\/2014\/06\/Arles4-150x150.jpg\" class=\"attachment-thumbnail size-thumbnail\" alt=\"\" aria-describedby=\"gallery-1-178\" \/><\/a>\n\t\t\t<\/dt>\n\t\t\t\t<dd class='wp-caption-text gallery-caption' id='gallery-1-178'>\n\t\t\t\tArles\n\t\t\t\t<\/dd><\/dl><br style=\"clear: both\" \/><dl class='gallery-item'>\n\t\t\t<dt class='gallery-icon portrait'>\n\t\t\t\t<a href='http:\/\/www.lesyeuxdom.fr\/lesyeux\/?attachment_id=185'><img loading=\"lazy\" decoding=\"async\" width=\"150\" height=\"150\" src=\"http:\/\/www.lesyeuxdom.fr\/lesyeux\/wp-content\/uploads\/2014\/06\/Dans_le_Me\u0301tro-150x150.jpg\" class=\"attachment-thumbnail size-thumbnail\" alt=\"\" aria-describedby=\"gallery-1-185\" \/><\/a>\n\t\t\t<\/dt>\n\t\t\t\t<dd class='wp-caption-text gallery-caption' id='gallery-1-185'>\n\t\t\t\tMarseille Les R\u00e9form\u00e9s\n\t\t\t\t<\/dd><\/dl><dl class='gallery-item'>\n\t\t\t<dt class='gallery-icon portrait'>\n\t\t\t\t<a href='http:\/\/www.lesyeuxdom.fr\/lesyeux\/?attachment_id=200'><img loading=\"lazy\" decoding=\"async\" width=\"150\" height=\"150\" src=\"http:\/\/www.lesyeuxdom.fr\/lesyeux\/wp-content\/uploads\/2014\/06\/Le_Grand_Hornu_2-150x150.jpg\" class=\"attachment-thumbnail size-thumbnail\" alt=\"\" aria-describedby=\"gallery-1-200\" \/><\/a>\n\t\t\t<\/dt>\n\t\t\t\t<dd class='wp-caption-text gallery-caption' id='gallery-1-200'>\n\t\t\t\tLe Grand Hornu\n\t\t\t\t<\/dd><\/dl><dl class='gallery-item'>\n\t\t\t<dt class='gallery-icon portrait'>\n\t\t\t\t<a href='http:\/\/www.lesyeuxdom.fr\/lesyeux\/?attachment_id=196'><img loading=\"lazy\" decoding=\"async\" width=\"150\" height=\"150\" src=\"http:\/\/www.lesyeuxdom.fr\/lesyeux\/wp-content\/uploads\/2014\/06\/La_Ciotat-150x150.jpg\" class=\"attachment-thumbnail size-thumbnail\" alt=\"\" aria-describedby=\"gallery-1-196\" \/><\/a>\n\t\t\t<\/dt>\n\t\t\t\t<dd class='wp-caption-text gallery-caption' id='gallery-1-196'>\n\t\t\t\tLa Ciotat\n\t\t\t\t<\/dd><\/dl><br style=\"clear: both\" \/><dl class='gallery-item'>\n\t\t\t<dt class='gallery-icon portrait'>\n\t\t\t\t<a href='http:\/\/www.lesyeuxdom.fr\/lesyeux\/?attachment_id=169'><img loading=\"lazy\" decoding=\"async\" width=\"150\" height=\"150\" src=\"http:\/\/www.lesyeuxdom.fr\/lesyeux\/wp-content\/uploads\/2014\/06\/103-0349_IMG-150x150.jpg\" class=\"attachment-thumbnail size-thumbnail\" alt=\"\" aria-describedby=\"gallery-1-169\" \/><\/a>\n\t\t\t<\/dt>\n\t\t\t\t<dd class='wp-caption-text gallery-caption' id='gallery-1-169'>\n\t\t\t\tIs\u00e8re\n\t\t\t\t<\/dd><\/dl><dl class='gallery-item'>\n\t\t\t<dt class='gallery-icon portrait'>\n\t\t\t\t<a href='http:\/\/www.lesyeuxdom.fr\/lesyeux\/?attachment_id=201'><img loading=\"lazy\" decoding=\"async\" width=\"150\" height=\"150\" src=\"http:\/\/www.lesyeuxdom.fr\/lesyeux\/wp-content\/uploads\/2014\/06\/Le_Grand_Hornu1-150x150.jpg\" class=\"attachment-thumbnail size-thumbnail\" alt=\"\" aria-describedby=\"gallery-1-201\" \/><\/a>\n\t\t\t<\/dt>\n\t\t\t\t<dd class='wp-caption-text gallery-caption' id='gallery-1-201'>\n\t\t\t\tLe Grand Hornu (Belgique)\n\t\t\t\t<\/dd><\/dl><dl class='gallery-item'>\n\t\t\t<dt class='gallery-icon portrait'>\n\t\t\t\t<a href='http:\/\/www.lesyeuxdom.fr\/lesyeux\/?attachment_id=205'><img loading=\"lazy\" decoding=\"async\" width=\"150\" height=\"150\" src=\"http:\/\/www.lesyeuxdom.fr\/lesyeux\/wp-content\/uploads\/2014\/06\/Les_Acoules-150x150.jpg\" class=\"attachment-thumbnail size-thumbnail\" alt=\"\" aria-describedby=\"gallery-1-205\" \/><\/a>\n\t\t\t<\/dt>\n\t\t\t\t<dd class='wp-caption-text gallery-caption' id='gallery-1-205'>\n\t\t\t\tMarseille Mont\u00e9e des Acoules\n\t\t\t\t<\/dd><\/dl><br style=\"clear: both\" \/><dl class='gallery-item'>\n\t\t\t<dt class='gallery-icon portrait'>\n\t\t\t\t<a href='http:\/\/www.lesyeuxdom.fr\/lesyeux\/?attachment_id=207'><img loading=\"lazy\" decoding=\"async\" width=\"150\" height=\"150\" src=\"http:\/\/www.lesyeuxdom.fr\/lesyeux\/wp-content\/uploads\/2014\/06\/Maison_des_R-150x150.jpg\" class=\"attachment-thumbnail size-thumbnail\" alt=\"\" aria-describedby=\"gallery-1-207\" \/><\/a>\n\t\t\t<\/dt>\n\t\t\t\t<dd class='wp-caption-text gallery-caption' id='gallery-1-207'>\n\t\t\t\tAlpes de Hte Provence\n\t\t\t\t<\/dd><\/dl><dl class='gallery-item'>\n\t\t\t<dt class='gallery-icon portrait'>\n\t\t\t\t<a href='http:\/\/www.lesyeuxdom.fr\/lesyeux\/?attachment_id=168'><img loading=\"lazy\" decoding=\"async\" width=\"150\" height=\"150\" src=\"http:\/\/www.lesyeuxdom.fr\/lesyeux\/wp-content\/uploads\/2014\/06\/103-0348_IMG-150x150.jpg\" class=\"attachment-thumbnail size-thumbnail\" alt=\"\" aria-describedby=\"gallery-1-168\" \/><\/a>\n\t\t\t<\/dt>\n\t\t\t\t<dd class='wp-caption-text gallery-caption' id='gallery-1-168'>\n\t\t\t\tIs\u00e8re\n\t\t\t\t<\/dd><\/dl><dl class='gallery-item'>\n\t\t\t<dt class='gallery-icon portrait'>\n\t\t\t\t<a href='http:\/\/www.lesyeuxdom.fr\/lesyeux\/?attachment_id=183'><img loading=\"lazy\" decoding=\"async\" width=\"150\" height=\"150\" src=\"http:\/\/www.lesyeuxdom.fr\/lesyeux\/wp-content\/uploads\/2014\/06\/Chez-M-150x150.jpg\" class=\"attachment-thumbnail size-thumbnail\" alt=\"\" aria-describedby=\"gallery-1-183\" \/><\/a>\n\t\t\t<\/dt>\n\t\t\t\t<dd class='wp-caption-text gallery-caption' id='gallery-1-183'>\n\t\t\t\tAlpes de Hte Provence\n\t\t\t\t<\/dd><\/dl><br style=\"clear: both\" \/><dl class='gallery-item'>\n\t\t\t<dt class='gallery-icon landscape'>\n\t\t\t\t<a href='http:\/\/www.lesyeuxdom.fr\/lesyeux\/?attachment_id=176'><img loading=\"lazy\" decoding=\"async\" width=\"150\" height=\"150\" src=\"http:\/\/www.lesyeuxdom.fr\/lesyeux\/wp-content\/uploads\/2014\/06\/Arles_3-150x150.jpg\" class=\"attachment-thumbnail size-thumbnail\" alt=\"\" aria-describedby=\"gallery-1-176\" \/><\/a>\n\t\t\t<\/dt>\n\t\t\t\t<dd class='wp-caption-text gallery-caption' id='gallery-1-176'>\n\t\t\t\tArles\n\t\t\t\t<\/dd><\/dl><dl class='gallery-item'>\n\t\t\t<dt class='gallery-icon landscape'>\n\t\t\t\t<a href='http:\/\/www.lesyeuxdom.fr\/lesyeux\/?attachment_id=226'><img loading=\"lazy\" decoding=\"async\" width=\"150\" height=\"150\" src=\"http:\/\/www.lesyeuxdom.fr\/lesyeux\/wp-content\/uploads\/2014\/06\/Vizille_2-150x150.jpg\" class=\"attachment-thumbnail size-thumbnail\" alt=\"\" aria-describedby=\"gallery-1-226\" \/><\/a>\n\t\t\t<\/dt>\n\t\t\t\t<dd class='wp-caption-text gallery-caption' id='gallery-1-226'>\n\t\t\t\tVizille\n\t\t\t\t<\/dd><\/dl><dl class='gallery-item'>\n\t\t\t<dt class='gallery-icon landscape'>\n\t\t\t\t<a href='http:\/\/www.lesyeuxdom.fr\/lesyeux\/?attachment_id=210'><img loading=\"lazy\" decoding=\"async\" width=\"150\" height=\"150\" src=\"http:\/\/www.lesyeuxdom.fr\/lesyeux\/wp-content\/uploads\/2014\/06\/Muse\u0301e_de_Ba\u0302le-150x150.jpg\" class=\"attachment-thumbnail size-thumbnail\" alt=\"\" aria-describedby=\"gallery-1-210\" \/><\/a>\n\t\t\t<\/dt>\n\t\t\t\t<dd class='wp-caption-text gallery-caption' id='gallery-1-210'>\n\t\t\t\tMus\u00e9e de B\u00e2le Rheinfeld\n\t\t\t\t<\/dd><\/dl><br style=\"clear: both\" \/><dl class='gallery-item'>\n\t\t\t<dt class='gallery-icon landscape'>\n\t\t\t\t<a href='http:\/\/www.lesyeuxdom.fr\/lesyeux\/?attachment_id=171'><img loading=\"lazy\" decoding=\"async\" width=\"150\" height=\"150\" src=\"http:\/\/www.lesyeuxdom.fr\/lesyeux\/wp-content\/uploads\/2014\/06\/103-0357_IMG-150x150.jpg\" class=\"attachment-thumbnail size-thumbnail\" alt=\"\" aria-describedby=\"gallery-1-171\" \/><\/a>\n\t\t\t<\/dt>\n\t\t\t\t<dd class='wp-caption-text gallery-caption' id='gallery-1-171'>\n\t\t\t\tHtes Alpes\n\t\t\t\t<\/dd><\/dl><dl class='gallery-item'>\n\t\t\t<dt class='gallery-icon landscape'>\n\t\t\t\t<a href='http:\/\/www.lesyeuxdom.fr\/lesyeux\/?attachment_id=179'><img loading=\"lazy\" decoding=\"async\" width=\"150\" height=\"150\" src=\"http:\/\/www.lesyeuxdom.fr\/lesyeux\/wp-content\/uploads\/2014\/06\/Arles5-150x150.jpg\" class=\"attachment-thumbnail size-thumbnail\" alt=\"\" aria-describedby=\"gallery-1-179\" \/><\/a>\n\t\t\t<\/dt>\n\t\t\t\t<dd class='wp-caption-text gallery-caption' id='gallery-1-179'>\n\t\t\t\tArles\n\t\t\t\t<\/dd><\/dl><dl class='gallery-item'>\n\t\t\t<dt class='gallery-icon portrait'>\n\t\t\t\t<a href='http:\/\/www.lesyeuxdom.fr\/lesyeux\/?attachment_id=186'><img loading=\"lazy\" decoding=\"async\" width=\"150\" height=\"150\" src=\"http:\/\/www.lesyeuxdom.fr\/lesyeux\/wp-content\/uploads\/2014\/06\/Draveil-150x150.jpg\" class=\"attachment-thumbnail size-thumbnail\" alt=\"\" aria-describedby=\"gallery-1-186\" \/><\/a>\n\t\t\t<\/dt>\n\t\t\t\t<dd class='wp-caption-text gallery-caption' id='gallery-1-186'>\n\t\t\t\tVal de Marne\n\t\t\t\t<\/dd><\/dl><br style=\"clear: both\" \/><dl class='gallery-item'>\n\t\t\t<dt class='gallery-icon portrait'>\n\t\t\t\t<a href='http:\/\/www.lesyeuxdom.fr\/lesyeux\/?attachment_id=211'><img loading=\"lazy\" decoding=\"async\" width=\"150\" height=\"150\" src=\"http:\/\/www.lesyeuxdom.fr\/lesyeux\/wp-content\/uploads\/2014\/06\/Rixensart-2-150x150.jpg\" class=\"attachment-thumbnail size-thumbnail\" alt=\"\" aria-describedby=\"gallery-1-211\" \/><\/a>\n\t\t\t<\/dt>\n\t\t\t\t<dd class='wp-caption-text gallery-caption' id='gallery-1-211'>\n\t\t\t\tRixensart &#8211; Belgique\n\t\t\t\t<\/dd><\/dl><dl class='gallery-item'>\n\t\t\t<dt class='gallery-icon portrait'>\n\t\t\t\t<a href='http:\/\/www.lesyeuxdom.fr\/lesyeux\/?attachment_id=227'><img loading=\"lazy\" decoding=\"async\" width=\"150\" height=\"150\" src=\"http:\/\/www.lesyeuxdom.fr\/lesyeux\/wp-content\/uploads\/2014\/06\/Vizille_3-150x150.jpg\" class=\"attachment-thumbnail size-thumbnail\" alt=\"\" aria-describedby=\"gallery-1-227\" \/><\/a>\n\t\t\t<\/dt>\n\t\t\t\t<dd class='wp-caption-text gallery-caption' id='gallery-1-227'>\n\t\t\t\tvizille\n\t\t\t\t<\/dd><\/dl><dl class='gallery-item'>\n\t\t\t<dt class='gallery-icon portrait'>\n\t\t\t\t<a href='http:\/\/www.lesyeuxdom.fr\/lesyeux\/?attachment_id=175'><img loading=\"lazy\" decoding=\"async\" width=\"150\" height=\"150\" src=\"http:\/\/www.lesyeuxdom.fr\/lesyeux\/wp-content\/uploads\/2014\/06\/Arles_2-150x150.jpg\" class=\"attachment-thumbnail size-thumbnail\" alt=\"\" aria-describedby=\"gallery-1-175\" \/><\/a>\n\t\t\t<\/dt>\n\t\t\t\t<dd class='wp-caption-text gallery-caption' id='gallery-1-175'>\n\t\t\t\tArles\n\t\t\t\t<\/dd><\/dl><br style=\"clear: both\" \/><dl class='gallery-item'>\n\t\t\t<dt class='gallery-icon landscape'>\n\t\t\t\t<a href='http:\/\/www.lesyeuxdom.fr\/lesyeux\/?attachment_id=177'><img loading=\"lazy\" decoding=\"async\" width=\"150\" height=\"150\" src=\"http:\/\/www.lesyeuxdom.fr\/lesyeux\/wp-content\/uploads\/2014\/06\/Arles-150x150.jpg\" class=\"attachment-thumbnail size-thumbnail\" alt=\"\" aria-describedby=\"gallery-1-177\" \/><\/a>\n\t\t\t<\/dt>\n\t\t\t\t<dd class='wp-caption-text gallery-caption' id='gallery-1-177'>\n\t\t\t\tArles\n\t\t\t\t<\/dd><\/dl><dl class='gallery-item'>\n\t\t\t<dt class='gallery-icon portrait'>\n\t\t\t\t<a href='http:\/\/www.lesyeuxdom.fr\/lesyeux\/?attachment_id=195'><img loading=\"lazy\" decoding=\"async\" width=\"150\" height=\"150\" src=\"http:\/\/www.lesyeuxdom.fr\/lesyeux\/wp-content\/uploads\/2014\/06\/La_Ciotat_2_IMG-150x150.jpg\" class=\"attachment-thumbnail size-thumbnail\" alt=\"\" aria-describedby=\"gallery-1-195\" \/><\/a>\n\t\t\t<\/dt>\n\t\t\t\t<dd class='wp-caption-text gallery-caption' id='gallery-1-195'>\n\t\t\t\tLa Ciotat\n\t\t\t\t<\/dd><\/dl><dl class='gallery-item'>\n\t\t\t<dt class='gallery-icon portrait'>\n\t\t\t\t<a href='http:\/\/www.lesyeuxdom.fr\/lesyeux\/?attachment_id=204'><img loading=\"lazy\" decoding=\"async\" width=\"150\" height=\"150\" src=\"http:\/\/www.lesyeuxdom.fr\/lesyeux\/wp-content\/uploads\/2014\/06\/Les_Acoules_2_-150x150.jpg\" class=\"attachment-thumbnail size-thumbnail\" alt=\"\" aria-describedby=\"gallery-1-204\" \/><\/a>\n\t\t\t<\/dt>\n\t\t\t\t<dd class='wp-caption-text gallery-caption' id='gallery-1-204'>\n\t\t\t\tMarseille Mont\u00e9e des Acoules\n\t\t\t\t<\/dd><\/dl><br style=\"clear: both\" \/><dl class='gallery-item'>\n\t\t\t<dt class='gallery-icon portrait'>\n\t\t\t\t<a href='http:\/\/www.lesyeuxdom.fr\/lesyeux\/?attachment_id=217'><img loading=\"lazy\" decoding=\"async\" width=\"150\" height=\"150\" src=\"http:\/\/www.lesyeuxdom.fr\/lesyeux\/wp-content\/uploads\/2014\/06\/St_Jean_de_M-150x150.jpg\" class=\"attachment-thumbnail size-thumbnail\" alt=\"\" aria-describedby=\"gallery-1-217\" \/><\/a>\n\t\t\t<\/dt>\n\t\t\t\t<dd class='wp-caption-text gallery-caption' id='gallery-1-217'>\n\t\t\t\tSt Jean de Maurienne\n\t\t\t\t<\/dd><\/dl>\n\t\t\t<br style='clear: both' \/>\n\t\t<\/div>\n\n","protected":false},"excerpt":{"rendered":"<p>En ce temps-l\u00e0 au petit matin consignant tes r\u00eaves\u2026 &nbsp; (Texte paru dans Filigranes N\u00b03 (1985) \u00ab\u00a0Morceaux de r\u00eaves pris dans un coin\u00ab\u00a0) L&rsquo;expo, tu la fis 20 ans plus tard\u2026 et la pr\u00e9sentas lors du s\u00e9minaires anniversaire de la &hellip; <a href=\"http:\/\/www.lesyeuxdom.fr\/lesyeux\/?page_id=229\">Continuer la lecture <span class=\"meta-nav\">&rarr;<\/span><\/a><\/p>\n","protected":false},"author":1,"featured_media":0,"parent":0,"menu_order":0,"comment_status":"closed","ping_status":"closed","template":"sidebar-page.php","meta":{"footnotes":""},"class_list":["post-229","page","type-page","status-publish","hentry"],"_links":{"self":[{"href":"http:\/\/www.lesyeuxdom.fr\/lesyeux\/index.php?rest_route=\/wp\/v2\/pages\/229"}],"collection":[{"href":"http:\/\/www.lesyeuxdom.fr\/lesyeux\/index.php?rest_route=\/wp\/v2\/pages"}],"about":[{"href":"http:\/\/www.lesyeuxdom.fr\/lesyeux\/index.php?rest_route=\/wp\/v2\/types\/page"}],"author":[{"embeddable":true,"href":"http:\/\/www.lesyeuxdom.fr\/lesyeux\/index.php?rest_route=\/wp\/v2\/users\/1"}],"replies":[{"embeddable":true,"href":"http:\/\/www.lesyeuxdom.fr\/lesyeux\/index.php?rest_route=%2Fwp%2Fv2%2Fcomments&post=229"}],"version-history":[{"count":6,"href":"http:\/\/www.lesyeuxdom.fr\/lesyeux\/index.php?rest_route=\/wp\/v2\/pages\/229\/revisions"}],"predecessor-version":[{"id":241,"href":"http:\/\/www.lesyeuxdom.fr\/lesyeux\/index.php?rest_route=\/wp\/v2\/pages\/229\/revisions\/241"}],"wp:attachment":[{"href":"http:\/\/www.lesyeuxdom.fr\/lesyeux\/index.php?rest_route=%2Fwp%2Fv2%2Fmedia&parent=229"}],"curies":[{"name":"wp","href":"https:\/\/api.w.org\/{rel}","templated":true}]}}